{"id":972,"date":"2024-07-31T11:39:52","date_gmt":"2024-07-31T11:39:52","guid":{"rendered":"https:\/\/inhouse.plus\/wfe\/?page_id=972"},"modified":"2024-07-31T11:39:52","modified_gmt":"2024-07-31T11:39:52","slug":"politica-de-privacidad","status":"publish","type":"page","link":"https:\/\/inhouse.plus\/wfe\/politica-de-privacidad\/","title":{"rendered":"Pol\u00edtica de Privacidad"},"content":{"rendered":"\n<p>Denominaci\u00f3n social: Metro 2 Real Estate SL<br>CIF: B76781913<br>Domicilio: Avda. Jos\u00e9 Miguel Galv\u00e1n Bello, n\u00ba 38,<br>Local 5, (C. P. 38612) El M\u00e9dano,<br>Granadilla de Abona, Santa Cruz de Tenerife<\/p>\n\n\n\n<p>En cumplimiento del Reglamento General de Protecci\u00f3n de Datos (UE) 2016\/679 del Parlamento Europeo y del Consejo de 27 de abril de 2016 y la ley org\u00e1nica 3\/2018 de 5 de diciembre de Protecci\u00f3n de Datos Personales y de Garant\u00eda de los Derechos Digitales le informamos que los datos por Vd. proporcionados ser\u00e1n objeto de tratamiento por parte de Metro 2 Real Estate SL con CIF B76781913, con domicilio en EL M\u00c9DANO, (SANTA CRUZ DE TENERIFE), C.P. 38612 , AVENIDA JOS\u00c9 MIGUEL GALV\u00c1N BELLO N\u00ba 38 LOCAL 5 , con la finalidad de prestarle el servicio solicitado y\/o contratado, realizar la facturaci\u00f3n del mismo.<\/p>\n\n\n\n<p>La base legal para el tratamiento de sus datos es la ejecuci\u00f3n del servicio por usted contratado y\/o solicitado. La oferta prospectiva de productos y servicios est\u00e1 basada en el consentimiento que se le solicita, sin que en ning\u00fan caso la retirada de este consentimiento condicione la ejecuci\u00f3n del contrato.<br>Los datos proporcionados se conservar\u00e1n mientras se mantenga la relaci\u00f3n comercial o durante los a\u00f1os necesarios para cumplir con las obligaciones legales. Los datos no se ceder\u00e1n a terceros salvo en los casos en que exista una obligaci\u00f3n legal.<\/p>\n\n\n\n<p>Usted tiene derecho a obtener confirmaci\u00f3n sobre si en Metro 2 Real Estate SL. estamos tratando sus datos personales y por tanto tiene derecho a ejercer sus derechos de acceso, rectificaci\u00f3n, limitaci\u00f3n del tratamiento, portabilidad, oposici\u00f3n al tratamiento y supresi\u00f3n de sus datos mediante escrito dirigido a la direcci\u00f3n postal arriba mencionada o electr\u00f3nica hola@m-2.es adjuntado copia del DNI en ambos casos, as\u00ed como el derecho a presentar una reclamaci\u00f3n ante la Autoridad de Control (aepd.es)<br>Asimismo le solicitamos su autorizaci\u00f3n para ofrecerle productos y servicios relacionados con los solicitados, prestados y\/o comercializados por nuestra entidad y poder de esa forma fidelizarle como cliente.<\/p>\n\n\n\n<p><\/p>\n\n\n\n<p><\/p>\n","protected":false},"excerpt":{"rendered":"<p>Denominaci\u00f3n social: Metro 2 Real Estate SLCIF: B76781913Domicilio: Avda. Jos\u00e9 Miguel Galv\u00e1n Bello, n\u00ba 38,Local 5, (C. P. 38612) El M\u00e9dano,Granadilla de Abona, Santa Cruz de Tenerife En cumplimiento del Reglamento General de Protecci\u00f3n de Datos (UE) 2016\/679 del Parlamento&#8230;<\/p>\n","protected":false},"author":2,"featured_media":0,"parent":0,"menu_order":0,"comment_status":"closed","ping_status":"closed","template":"","meta":{"_eb_attr":"","footnotes":""},"class_list":["post-972","page","type-page","status-publish","hentry"],"yoast_head":"<!-- This site is optimized with the Yoast SEO plugin v23.4 - https:\/\/yoast.com\/wordpress\/plugins\/seo\/ -->\n<title>Pol\u00edtica de Privacidad - IN HOUSE<\/title>\n<meta name=\"robots\" content=\"index, follow, max-snippet:-1, max-image-preview:large, max-video-preview:-1\" \/>\n<link rel=\"canonical\" href=\"https:\/\/inhouse.plus\/wfe\/politica-de-privacidad\/\" \/>\n<meta property=\"og:locale\" content=\"es_ES\" \/>\n<meta property=\"og:type\" content=\"article\" \/>\n<meta property=\"og:title\" content=\"Pol\u00edtica de Privacidad - IN HOUSE\" \/>\n<meta property=\"og:url\" content=\"https:\/\/inhouse.plus\/wfe\/politica-de-privacidad\/\" \/>\n<meta property=\"og:site_name\" content=\"IN HOUSE\" \/>\n<meta property=\"article:publisher\" content=\"https:\/\/www.facebook.com\/inhousetenerife\" \/>\n<meta property=\"og:image\" content=\"https:\/\/inhouse.plus\/wfe\/wp-content\/uploads\/2024\/07\/elmedano-1024x768.png\" \/>\n\t<meta property=\"og:image:width\" content=\"1024\" \/>\n\t<meta property=\"og:image:height\" content=\"768\" \/>\n\t<meta property=\"og:image:type\" content=\"image\/png\" \/>\n<meta name=\"twitter:card\" content=\"summary_large_image\" \/>\n<meta name=\"twitter:label1\" content=\"Tiempo de lectura\" \/>\n\t<meta name=\"twitter:data1\" content=\"2 minutos\" \/>\n<script type=\"application\/ld+json\" class=\"yoast-schema-graph\">{\"@context\":\"https:\/\/schema.org\",\"@graph\":[{\"@type\":\"WebPage\",\"@id\":\"https:\/\/inhouse.plus\/wfe\/politica-de-privacidad\/\",\"url\":\"https:\/\/inhouse.plus\/wfe\/politica-de-privacidad\/\",\"name\":\"Pol\u00edtica de Privacidad - IN HOUSE\",\"isPartOf\":{\"@id\":\"https:\/\/inhouse.plus\/wfe\/#website\"},\"datePublished\":\"2024-07-31T11:39:52+00:00\",\"dateModified\":\"2024-07-31T11:39:52+00:00\",\"breadcrumb\":{\"@id\":\"https:\/\/inhouse.plus\/wfe\/politica-de-privacidad\/#breadcrumb\"},\"inLanguage\":\"es\",\"potentialAction\":[{\"@type\":\"ReadAction\",\"target\":[\"https:\/\/inhouse.plus\/wfe\/politica-de-privacidad\/\"]}]},{\"@type\":\"BreadcrumbList\",\"@id\":\"https:\/\/inhouse.plus\/wfe\/politica-de-privacidad\/#breadcrumb\",\"itemListElement\":[{\"@type\":\"ListItem\",\"position\":1,\"name\":\"In\u00edcio\",\"item\":\"https:\/\/inhouse.plus\/wfe\/\"},{\"@type\":\"ListItem\",\"position\":2,\"name\":\"Pol\u00edtica de Privacidad\"}]},{\"@type\":\"WebSite\",\"@id\":\"https:\/\/inhouse.plus\/wfe\/#website\",\"url\":\"https:\/\/inhouse.plus\/wfe\/\",\"name\":\"IN HOUSE\",\"description\":\"\",\"publisher\":{\"@id\":\"https:\/\/inhouse.plus\/wfe\/#organization\"},\"alternateName\":\"In House Tenerife\",\"potentialAction\":[{\"@type\":\"SearchAction\",\"target\":{\"@type\":\"EntryPoint\",\"urlTemplate\":\"https:\/\/inhouse.plus\/wfe\/?s={search_term_string}\"},\"query-input\":{\"@type\":\"PropertyValueSpecification\",\"valueRequired\":true,\"valueName\":\"search_term_string\"}}],\"inLanguage\":\"es\"},{\"@type\":\"Organization\",\"@id\":\"https:\/\/inhouse.plus\/wfe\/#organization\",\"name\":\"IN HOUSE\",\"alternateName\":\"IN HOUSE\",\"url\":\"https:\/\/inhouse.plus\/wfe\/\",\"logo\":{\"@type\":\"ImageObject\",\"inLanguage\":\"es\",\"@id\":\"https:\/\/inhouse.plus\/wfe\/#\/schema\/logo\/image\/\",\"url\":\"https:\/\/inhouse.plus\/wfe\/wp-content\/uploads\/2024\/07\/logo-site-inhouse-plus.png\",\"contentUrl\":\"https:\/\/inhouse.plus\/wfe\/wp-content\/uploads\/2024\/07\/logo-site-inhouse-plus.png\",\"width\":300,\"height\":100,\"caption\":\"IN HOUSE\"},\"image\":{\"@id\":\"https:\/\/inhouse.plus\/wfe\/#\/schema\/logo\/image\/\"},\"sameAs\":[\"https:\/\/www.facebook.com\/inhousetenerife\",\"https:\/\/www.instagram.com\/inhousetenerife\"]}]}<\/script>\n<!-- \/ Yoast SEO plugin. -->","yoast_head_json":{"title":"Pol\u00edtica de Privacidad - IN HOUSE","robots":{"index":"index","follow":"follow","max-snippet":"max-snippet:-1","max-image-preview":"max-image-preview:large","max-video-preview":"max-video-preview:-1"},"canonical":"https:\/\/inhouse.plus\/wfe\/politica-de-privacidad\/","og_locale":"es_ES","og_type":"article","og_title":"Pol\u00edtica de Privacidad - IN HOUSE","og_url":"https:\/\/inhouse.plus\/wfe\/politica-de-privacidad\/","og_site_name":"IN HOUSE","article_publisher":"https:\/\/www.facebook.com\/inhousetenerife","og_image":[{"width":1024,"height":768,"url":"https:\/\/inhouse.plus\/wfe\/wp-content\/uploads\/2024\/07\/elmedano-1024x768.png","type":"image\/png"}],"twitter_card":"summary_large_image","twitter_misc":{"Tiempo de lectura":"2 minutos"},"schema":{"@context":"https:\/\/schema.org","@graph":[{"@type":"WebPage","@id":"https:\/\/inhouse.plus\/wfe\/politica-de-privacidad\/","url":"https:\/\/inhouse.plus\/wfe\/politica-de-privacidad\/","name":"Pol\u00edtica de Privacidad - IN HOUSE","isPartOf":{"@id":"https:\/\/inhouse.plus\/wfe\/#website"},"datePublished":"2024-07-31T11:39:52+00:00","dateModified":"2024-07-31T11:39:52+00:00","breadcrumb":{"@id":"https:\/\/inhouse.plus\/wfe\/politica-de-privacidad\/#breadcrumb"},"inLanguage":"es","potentialAction":[{"@type":"ReadAction","target":["https:\/\/inhouse.plus\/wfe\/politica-de-privacidad\/"]}]},{"@type":"BreadcrumbList","@id":"https:\/\/inhouse.plus\/wfe\/politica-de-privacidad\/#breadcrumb","itemListElement":[{"@type":"ListItem","position":1,"name":"In\u00edcio","item":"https:\/\/inhouse.plus\/wfe\/"},{"@type":"ListItem","position":2,"name":"Pol\u00edtica de Privacidad"}]},{"@type":"WebSite","@id":"https:\/\/inhouse.plus\/wfe\/#website","url":"https:\/\/inhouse.plus\/wfe\/","name":"IN HOUSE","description":"","publisher":{"@id":"https:\/\/inhouse.plus\/wfe\/#organization"},"alternateName":"In House Tenerife","potentialAction":[{"@type":"SearchAction","target":{"@type":"EntryPoint","urlTemplate":"https:\/\/inhouse.plus\/wfe\/?s={search_term_string}"},"query-input":{"@type":"PropertyValueSpecification","valueRequired":true,"valueName":"search_term_string"}}],"inLanguage":"es"},{"@type":"Organization","@id":"https:\/\/inhouse.plus\/wfe\/#organization","name":"IN HOUSE","alternateName":"IN HOUSE","url":"https:\/\/inhouse.plus\/wfe\/","logo":{"@type":"ImageObject","inLanguage":"es","@id":"https:\/\/inhouse.plus\/wfe\/#\/schema\/logo\/image\/","url":"https:\/\/inhouse.plus\/wfe\/wp-content\/uploads\/2024\/07\/logo-site-inhouse-plus.png","contentUrl":"https:\/\/inhouse.plus\/wfe\/wp-content\/uploads\/2024\/07\/logo-site-inhouse-plus.png","width":300,"height":100,"caption":"IN HOUSE"},"image":{"@id":"https:\/\/inhouse.plus\/wfe\/#\/schema\/logo\/image\/"},"sameAs":["https:\/\/www.facebook.com\/inhousetenerife","https:\/\/www.instagram.com\/inhousetenerife"]}]}},"_links":{"self":[{"href":"https:\/\/inhouse.plus\/wfe\/wp-json\/wp\/v2\/pages\/972"}],"collection":[{"href":"https:\/\/inhouse.plus\/wfe\/wp-json\/wp\/v2\/pages"}],"about":[{"href":"https:\/\/inhouse.plus\/wfe\/wp-json\/wp\/v2\/types\/page"}],"author":[{"embeddable":true,"href":"https:\/\/inhouse.plus\/wfe\/wp-json\/wp\/v2\/users\/2"}],"replies":[{"embeddable":true,"href":"https:\/\/inhouse.plus\/wfe\/wp-json\/wp\/v2\/comments?post=972"}],"version-history":[{"count":1,"href":"https:\/\/inhouse.plus\/wfe\/wp-json\/wp\/v2\/pages\/972\/revisions"}],"predecessor-version":[{"id":974,"href":"https:\/\/inhouse.plus\/wfe\/wp-json\/wp\/v2\/pages\/972\/revisions\/974"}],"wp:attachment":[{"href":"https:\/\/inhouse.plus\/wfe\/wp-json\/wp\/v2\/media?parent=972"}],"curies":[{"name":"wp","href":"https:\/\/api.w.org\/{rel}","templated":true}]}}