{"id":968,"date":"2024-07-31T11:21:14","date_gmt":"2024-07-31T11:21:14","guid":{"rendered":"https:\/\/inhouse.plus\/wfe\/politica-de-cookies\/"},"modified":"2024-07-31T11:43:15","modified_gmt":"2024-07-31T11:43:15","slug":"politica-de-cookies","status":"publish","type":"page","link":"https:\/\/inhouse.plus\/wfe\/politica-de-cookies\/","title":{"rendered":"Pol\u00edtica de cookies"},"content":{"rendered":"\n<p>Esta pol\u00edtica de cookies explica c\u00f3mo Metro Cuadrado utiliza las cookies en su sitio web. Al utilizar nuestro sitio web, usted acepta que podemos almacenar y acceder a las cookies en su dispositivo.<\/p>\n\n\n\n<p>\u00bfQu\u00e9 son las cookies?<\/p>\n\n\n\n<p>Las cookies son peque\u00f1os archivos de texto que se almacenan en su dispositivo cuando visita un sitio web. Se utilizan para almacenar informaci\u00f3n sobre su navegaci\u00f3n, como sus preferencias, las p\u00e1ginas que ha visitado y el tiempo que ha pasado en cada una de ellas.<\/p>\n\n\n\n<p>\u00bfQu\u00e9 tipos de cookies utiliza Metro Cuadrado?<\/p>\n\n\n\n<p>Metro Cuadrado&nbsp;utiliza diferentes tipos de cookies, incluyendo:<\/p>\n\n\n\n<ul class=\"wp-block-list\">\n<li>Cookies propias: Son cookies que el sitio web de Metro Cuadrado\u00a0instala en su dispositivo.<\/li>\n\n\n\n<li>Cookies de terceros: Son cookies que son instaladas en su dispositivo por un sitio web diferente al de\u00a0\u00a0Metro Cuadrado. Estas cookies pueden utilizarse para realizar un seguimiento del usuario en diferentes sitios web.<\/li>\n\n\n\n<li>Cookies de sesi\u00f3n: Son cookies que se eliminan cuando el usuario cierra el navegador.<\/li>\n\n\n\n<li>Cookies persistentes: Son cookies que permanecen en el dispositivo del usuario hasta que expiran o hasta que el usuario las elimine.<\/li>\n<\/ul>\n\n\n\n<p>\u00bfC\u00f3mo puedo controlar las cookies?<\/p>\n\n\n\n<p>El usuario puede controlar las cookies que se almacenan en su dispositivo mediante la configuraci\u00f3n de su navegador. La mayor\u00eda de los navegadores permiten al usuario bloquear todas las cookies, bloquear s\u00f3lo las cookies de terceros o permitir todas las cookies.<\/p>\n\n\n\n<p>Para obtener m\u00e1s informaci\u00f3n sobre c\u00f3mo controlar las cookies, el usuario puede consultar la documentaci\u00f3n de su navegador.<\/p>\n\n\n\n<p>Es importante tener en cuenta que si el usuario bloquea todas las cookies, es posible que no pueda utilizar algunas de las funciones del sitio web de Metro Cuadrado.<\/p>\n","protected":false},"excerpt":{"rendered":"<p>Esta pol\u00edtica de cookies explica c\u00f3mo Metro Cuadrado utiliza las cookies en su sitio web. Al utilizar nuestro sitio web, usted acepta que podemos almacenar y acceder a las cookies en su dispositivo. \u00bfQu\u00e9 son las cookies? Las cookies son&#8230;<\/p>\n","protected":false},"author":2,"featured_media":0,"parent":0,"menu_order":0,"comment_status":"closed","ping_status":"closed","template":"","meta":{"_eb_attr":"","footnotes":""},"class_list":["post-968","page","type-page","status-publish","hentry"],"yoast_head":"<!-- This site is optimized with the Yoast SEO plugin v23.4 - https:\/\/yoast.com\/wordpress\/plugins\/seo\/ -->\n<title>Pol\u00edtica de cookies - IN HOUSE<\/title>\n<meta name=\"robots\" content=\"index, follow, max-snippet:-1, max-image-preview:large, max-video-preview:-1\" \/>\n<link rel=\"canonical\" href=\"https:\/\/inhouse.plus\/wfe\/politica-de-cookies\/\" \/>\n<meta property=\"og:locale\" content=\"es_ES\" \/>\n<meta property=\"og:type\" content=\"article\" \/>\n<meta property=\"og:title\" content=\"Pol\u00edtica de cookies - IN HOUSE\" \/>\n<meta property=\"og:url\" content=\"https:\/\/inhouse.plus\/wfe\/politica-de-cookies\/\" \/>\n<meta property=\"og:site_name\" content=\"IN HOUSE\" \/>\n<meta property=\"article:publisher\" content=\"https:\/\/www.facebook.com\/inhousetenerife\" \/>\n<meta property=\"article:modified_time\" content=\"2024-07-31T11:43:15+00:00\" \/>\n<meta property=\"og:image\" content=\"https:\/\/inhouse.plus\/wfe\/wp-content\/uploads\/2024\/07\/elmedano-1024x768.png\" \/>\n\t<meta property=\"og:image:width\" content=\"1024\" \/>\n\t<meta property=\"og:image:height\" content=\"768\" \/>\n\t<meta property=\"og:image:type\" content=\"image\/png\" \/>\n<meta name=\"twitter:card\" content=\"summary_large_image\" \/>\n<meta name=\"twitter:label1\" content=\"Tiempo de lectura\" \/>\n\t<meta name=\"twitter:data1\" content=\"2 minutos\" \/>\n<script type=\"application\/ld+json\" class=\"yoast-schema-graph\">{\"@context\":\"https:\/\/schema.org\",\"@graph\":[{\"@type\":\"WebPage\",\"@id\":\"https:\/\/inhouse.plus\/wfe\/politica-de-cookies\/\",\"url\":\"https:\/\/inhouse.plus\/wfe\/politica-de-cookies\/\",\"name\":\"Pol\u00edtica de cookies - IN HOUSE\",\"isPartOf\":{\"@id\":\"https:\/\/inhouse.plus\/wfe\/#website\"},\"datePublished\":\"2024-07-31T11:21:14+00:00\",\"dateModified\":\"2024-07-31T11:43:15+00:00\",\"breadcrumb\":{\"@id\":\"https:\/\/inhouse.plus\/wfe\/politica-de-cookies\/#breadcrumb\"},\"inLanguage\":\"es\",\"potentialAction\":[{\"@type\":\"ReadAction\",\"target\":[\"https:\/\/inhouse.plus\/wfe\/politica-de-cookies\/\"]}]},{\"@type\":\"BreadcrumbList\",\"@id\":\"https:\/\/inhouse.plus\/wfe\/politica-de-cookies\/#breadcrumb\",\"itemListElement\":[{\"@type\":\"ListItem\",\"position\":1,\"name\":\"In\u00edcio\",\"item\":\"https:\/\/inhouse.plus\/wfe\/\"},{\"@type\":\"ListItem\",\"position\":2,\"name\":\"Pol\u00edtica de cookies\"}]},{\"@type\":\"WebSite\",\"@id\":\"https:\/\/inhouse.plus\/wfe\/#website\",\"url\":\"https:\/\/inhouse.plus\/wfe\/\",\"name\":\"IN HOUSE\",\"description\":\"\",\"publisher\":{\"@id\":\"https:\/\/inhouse.plus\/wfe\/#organization\"},\"alternateName\":\"In House Tenerife\",\"potentialAction\":[{\"@type\":\"SearchAction\",\"target\":{\"@type\":\"EntryPoint\",\"urlTemplate\":\"https:\/\/inhouse.plus\/wfe\/?s={search_term_string}\"},\"query-input\":{\"@type\":\"PropertyValueSpecification\",\"valueRequired\":true,\"valueName\":\"search_term_string\"}}],\"inLanguage\":\"es\"},{\"@type\":\"Organization\",\"@id\":\"https:\/\/inhouse.plus\/wfe\/#organization\",\"name\":\"IN HOUSE\",\"alternateName\":\"IN HOUSE\",\"url\":\"https:\/\/inhouse.plus\/wfe\/\",\"logo\":{\"@type\":\"ImageObject\",\"inLanguage\":\"es\",\"@id\":\"https:\/\/inhouse.plus\/wfe\/#\/schema\/logo\/image\/\",\"url\":\"https:\/\/inhouse.plus\/wfe\/wp-content\/uploads\/2024\/07\/logo-site-inhouse-plus.png\",\"contentUrl\":\"https:\/\/inhouse.plus\/wfe\/wp-content\/uploads\/2024\/07\/logo-site-inhouse-plus.png\",\"width\":300,\"height\":100,\"caption\":\"IN HOUSE\"},\"image\":{\"@id\":\"https:\/\/inhouse.plus\/wfe\/#\/schema\/logo\/image\/\"},\"sameAs\":[\"https:\/\/www.facebook.com\/inhousetenerife\",\"https:\/\/www.instagram.com\/inhousetenerife\"]}]}<\/script>\n<!-- \/ Yoast SEO plugin. -->","yoast_head_json":{"title":"Pol\u00edtica de cookies - IN HOUSE","robots":{"index":"index","follow":"follow","max-snippet":"max-snippet:-1","max-image-preview":"max-image-preview:large","max-video-preview":"max-video-preview:-1"},"canonical":"https:\/\/inhouse.plus\/wfe\/politica-de-cookies\/","og_locale":"es_ES","og_type":"article","og_title":"Pol\u00edtica de cookies - IN HOUSE","og_url":"https:\/\/inhouse.plus\/wfe\/politica-de-cookies\/","og_site_name":"IN HOUSE","article_publisher":"https:\/\/www.facebook.com\/inhousetenerife","article_modified_time":"2024-07-31T11:43:15+00:00","og_image":[{"width":1024,"height":768,"url":"https:\/\/inhouse.plus\/wfe\/wp-content\/uploads\/2024\/07\/elmedano-1024x768.png","type":"image\/png"}],"twitter_card":"summary_large_image","twitter_misc":{"Tiempo de lectura":"2 minutos"},"schema":{"@context":"https:\/\/schema.org","@graph":[{"@type":"WebPage","@id":"https:\/\/inhouse.plus\/wfe\/politica-de-cookies\/","url":"https:\/\/inhouse.plus\/wfe\/politica-de-cookies\/","name":"Pol\u00edtica de cookies - IN HOUSE","isPartOf":{"@id":"https:\/\/inhouse.plus\/wfe\/#website"},"datePublished":"2024-07-31T11:21:14+00:00","dateModified":"2024-07-31T11:43:15+00:00","breadcrumb":{"@id":"https:\/\/inhouse.plus\/wfe\/politica-de-cookies\/#breadcrumb"},"inLanguage":"es","potentialAction":[{"@type":"ReadAction","target":["https:\/\/inhouse.plus\/wfe\/politica-de-cookies\/"]}]},{"@type":"BreadcrumbList","@id":"https:\/\/inhouse.plus\/wfe\/politica-de-cookies\/#breadcrumb","itemListElement":[{"@type":"ListItem","position":1,"name":"In\u00edcio","item":"https:\/\/inhouse.plus\/wfe\/"},{"@type":"ListItem","position":2,"name":"Pol\u00edtica de cookies"}]},{"@type":"WebSite","@id":"https:\/\/inhouse.plus\/wfe\/#website","url":"https:\/\/inhouse.plus\/wfe\/","name":"IN HOUSE","description":"","publisher":{"@id":"https:\/\/inhouse.plus\/wfe\/#organization"},"alternateName":"In House Tenerife","potentialAction":[{"@type":"SearchAction","target":{"@type":"EntryPoint","urlTemplate":"https:\/\/inhouse.plus\/wfe\/?s={search_term_string}"},"query-input":{"@type":"PropertyValueSpecification","valueRequired":true,"valueName":"search_term_string"}}],"inLanguage":"es"},{"@type":"Organization","@id":"https:\/\/inhouse.plus\/wfe\/#organization","name":"IN HOUSE","alternateName":"IN HOUSE","url":"https:\/\/inhouse.plus\/wfe\/","logo":{"@type":"ImageObject","inLanguage":"es","@id":"https:\/\/inhouse.plus\/wfe\/#\/schema\/logo\/image\/","url":"https:\/\/inhouse.plus\/wfe\/wp-content\/uploads\/2024\/07\/logo-site-inhouse-plus.png","contentUrl":"https:\/\/inhouse.plus\/wfe\/wp-content\/uploads\/2024\/07\/logo-site-inhouse-plus.png","width":300,"height":100,"caption":"IN HOUSE"},"image":{"@id":"https:\/\/inhouse.plus\/wfe\/#\/schema\/logo\/image\/"},"sameAs":["https:\/\/www.facebook.com\/inhousetenerife","https:\/\/www.instagram.com\/inhousetenerife"]}]}},"_links":{"self":[{"href":"https:\/\/inhouse.plus\/wfe\/wp-json\/wp\/v2\/pages\/968"}],"collection":[{"href":"https:\/\/inhouse.plus\/wfe\/wp-json\/wp\/v2\/pages"}],"about":[{"href":"https:\/\/inhouse.plus\/wfe\/wp-json\/wp\/v2\/types\/page"}],"author":[{"embeddable":true,"href":"https:\/\/inhouse.plus\/wfe\/wp-json\/wp\/v2\/users\/2"}],"replies":[{"embeddable":true,"href":"https:\/\/inhouse.plus\/wfe\/wp-json\/wp\/v2\/comments?post=968"}],"version-history":[{"count":1,"href":"https:\/\/inhouse.plus\/wfe\/wp-json\/wp\/v2\/pages\/968\/revisions"}],"predecessor-version":[{"id":977,"href":"https:\/\/inhouse.plus\/wfe\/wp-json\/wp\/v2\/pages\/968\/revisions\/977"}],"wp:attachment":[{"href":"https:\/\/inhouse.plus\/wfe\/wp-json\/wp\/v2\/media?parent=968"}],"curies":[{"name":"wp","href":"https:\/\/api.w.org\/{rel}","templated":true}]}}