{"id":389,"date":"2024-07-08T01:07:14","date_gmt":"2024-07-08T01:07:14","guid":{"rendered":"https:\/\/inhouse.plus\/wfe\/?page_id=389"},"modified":"2024-09-04T21:50:34","modified_gmt":"2024-09-04T21:50:34","slug":"blog","status":"publish","type":"page","link":"https:\/\/inhouse.plus\/wfe\/blog\/","title":{"rendered":"BLOG"},"content":{"rendered":"<div class=\"root-eb-post-grid-sg4zf wp-block-essential-blocks-post-grid\">\n    <div class=\"eb-parent-wrapper eb-parent-eb-post-grid-sg4zf \">\n        <div class=\"eb-post-grid-sg4zf style-2 eb-post-grid-wrapper\"\n            data-id=\"eb-post-grid-sg4zf\"\n            data-querydata=\"{&quot;source&quot;:&quot;post&quot;,&quot;sourceIndex&quot;:0,&quot;rest_base&quot;:&quot;posts&quot;,&quot;rest_namespace&quot;:&quot;wp\\\/v2&quot;,&quot;author&quot;:&quot;&quot;,&quot;taxonomies&quot;:{&quot;category&quot;:{&quot;name&quot;:&quot;Categor\\u00edas&quot;,&quot;rest_base&quot;:&quot;categories&quot;,&quot;rest_namespace&quot;:&quot;wp\\\/v2&quot;,&quot;slug&quot;:&quot;category&quot;,&quot;value&quot;:&quot;[{\\&quot;value\\&quot;:107,\\&quot;label\\&quot;:\\&quot;BLOG\\&quot;}]&quot;}},&quot;per_page&quot;:&quot;6&quot;,&quot;offset&quot;:&quot;0&quot;,&quot;orderby&quot;:&quot;date&quot;,&quot;order&quot;:&quot;desc&quot;,&quot;include&quot;:&quot;&quot;,&quot;exclude&quot;:&quot;&quot;,&quot;exclude_current&quot;:false,&quot;exclude_password_protected&quot;:false}\"\n            data-attributes=\"{&quot;thumbnailSize&quot;:&quot;&quot;,&quot;loadMoreOptions&quot;:{&quot;enableMorePosts&quot;:false,&quot;loadMoreType&quot;:&quot;1&quot;,&quot;loadMoreButtonTxt&quot;:&quot;Load More&quot;,&quot;alignment&quot;:&quot;center&quot;,&quot;prevTxt&quot;:&quot;&lt;&quot;,&quot;nextTxt&quot;:&quot;&gt;&quot;,&quot;totalPosts&quot;:10},&quot;showSearch&quot;:false,&quot;showTaxonomyFilter&quot;:false,&quot;enableAjaxSearch&quot;:false,&quot;addIcon&quot;:false,&quot;iconPosition&quot;:&quot;left&quot;,&quot;icon&quot;:&quot;fas fa-chevron-right&quot;,&quot;preset&quot;:&quot;style-2&quot;,&quot;defaultFilter&quot;:&quot;all&quot;,&quot;version&quot;:&quot;v2&quot;,&quot;showBlockContent&quot;:true,&quot;showThumbnail&quot;:true,&quot;showTitle&quot;:true,&quot;titleLength&quot;:&quot;&quot;,&quot;titleTag&quot;:&quot;h2&quot;,&quot;showContent&quot;:true,&quot;contentLength&quot;:20,&quot;expansionIndicator&quot;:&quot;...&quot;,&quot;showReadMore&quot;:false,&quot;readmoreText&quot;:&quot;Read More&quot;,&quot;showMeta&quot;:true,&quot;headerMeta&quot;:&quot;[{\\&quot;value\\&quot;:\\&quot;date\\&quot;,\\&quot;label\\&quot;:\\&quot;Published Date\\&quot;}]&quot;,&quot;footerMeta&quot;:&quot;[]&quot;,&quot;authorPrefix&quot;:&quot;por&quot;,&quot;datePrefix&quot;:&quot;en&quot;}\">\n\n            \n\n            <div class=\"eb-post-grid-posts-wrapper\"><article class=\"ebpg-grid-post ebpg-post-grid-column\" data-id=\"2104\"><div class=\"ebpg-grid-post-holder\"><div class=\"ebpg-entry-wrapper\"><div class=\"ebpg-entry-media\">\n                <div class=\"ebpg-entry-thumbnail\">\n                    <a class=\"ebpg-post-link-wrapper eb-sr-only\" href=\"https:\/\/inhouse.plus\/wfe\/cogen-fuerza-las-casas-prefabricadas-en-tenerife\/\">Cogen fuerza las casas prefabricadas en Tenerife<\/a>\n                    <img loading=\"lazy\" decoding=\"async\" width=\"1200\" height=\"800\" src=\"https:\/\/inhouse.plus\/wfe\/wp-content\/uploads\/2024\/09\/Cogen-fuerza-las-casas-prefabricadas-en-Tenerife.png\" class=\"attachment- size- wp-post-image\" alt=\"\" \/>\n                <\/div>\n            <\/div><header class=\"ebpg-entry-header\">\n            <h2 class=\"ebpg-entry-title\">\n                <a class=\"ebpg-grid-post-link\" href=\"https:\/\/inhouse.plus\/wfe\/cogen-fuerza-las-casas-prefabricadas-en-tenerife\/\" title=\"Cogen fuerza las casas prefabricadas en Tenerife\">Cogen fuerza las casas prefabricadas en Tenerife<\/a>\n            <\/h2>\n        <\/header><div class=\"ebpg-entry-meta ebpg-header-meta\"><div class=\"ebpg-entry-meta-items\"><span class=\"ebpg-posted-on\">\n            en septiembre 27, 2024\n        <\/span><\/div><\/div><div class=\"ebpg-entry-content\"><div class=\"ebpg-grid-post-excerpt\">\n            <p>\u00a1Imag\u00ednate despertar cada ma\u00f1ana en una casita de 30 metros cuadrados, rodeado de \u00e1rboles frutales, con vistas al mar! Las&#8230;<\/p>\n        <\/div><\/div><div class=\"ebpg-entry-meta ebpg-footer-meta\"><div class=\"ebpg-entry-meta-items\"><\/div><\/div><\/div><\/div><\/article><article class=\"ebpg-grid-post ebpg-post-grid-column\" data-id=\"2101\"><div class=\"ebpg-grid-post-holder\"><div class=\"ebpg-entry-wrapper\"><div class=\"ebpg-entry-media\">\n                <div class=\"ebpg-entry-thumbnail\">\n                    <a class=\"ebpg-post-link-wrapper eb-sr-only\" href=\"https:\/\/inhouse.plus\/wfe\/quieres-vender-tu-casa-rapido-en-tenerife\/\">\u00bfQuieres vender tu casa r\u00e1pido en Tenerife?<\/a>\n                    <img loading=\"lazy\" decoding=\"async\" width=\"1200\" height=\"1000\" src=\"https:\/\/inhouse.plus\/wfe\/wp-content\/uploads\/2024\/09\/Quieres-vender-tu-casa-rapido-en-Tenerife.png\" class=\"attachment- size- wp-post-image\" alt=\"\" \/>\n                <\/div>\n            <\/div><header class=\"ebpg-entry-header\">\n            <h2 class=\"ebpg-entry-title\">\n                <a class=\"ebpg-grid-post-link\" href=\"https:\/\/inhouse.plus\/wfe\/quieres-vender-tu-casa-rapido-en-tenerife\/\" title=\"\u00bfQuieres vender tu casa r\u00e1pido en Tenerife?\">\u00bfQuieres vender tu casa r\u00e1pido en Tenerife?<\/a>\n            <\/h2>\n        <\/header><div class=\"ebpg-entry-meta ebpg-header-meta\"><div class=\"ebpg-entry-meta-items\"><span class=\"ebpg-posted-on\">\n            en septiembre 27, 2024\n        <\/span><\/div><\/div><div class=\"ebpg-entry-content\"><div class=\"ebpg-grid-post-excerpt\">\n            <p>Sabemos que vender una vivienda puede convertirse en un proceso que, a veces, se alarga m\u00e1s de lo que quisi\u00e9ramos&#8230;.<\/p>\n        <\/div><\/div><div class=\"ebpg-entry-meta ebpg-footer-meta\"><div class=\"ebpg-entry-meta-items\"><\/div><\/div><\/div><\/div><\/article><article class=\"ebpg-grid-post ebpg-post-grid-column\" data-id=\"2040\"><div class=\"ebpg-grid-post-holder\"><div class=\"ebpg-entry-wrapper\"><div class=\"ebpg-entry-media\">\n                <div class=\"ebpg-entry-thumbnail\">\n                    <a class=\"ebpg-post-link-wrapper eb-sr-only\" href=\"https:\/\/inhouse.plus\/wfe\/vendedor-en-potencia-en-tenerife-esto-es-para-ti\/\">Vendedor en potencia en Tenerife, esto es para ti<\/a>\n                    <img loading=\"lazy\" decoding=\"async\" width=\"1200\" height=\"1000\" src=\"https:\/\/inhouse.plus\/wfe\/wp-content\/uploads\/2024\/09\/blog-inhouse-03.png\" class=\"attachment- size- wp-post-image\" alt=\"\" \/>\n                <\/div>\n            <\/div><header class=\"ebpg-entry-header\">\n            <h2 class=\"ebpg-entry-title\">\n                <a class=\"ebpg-grid-post-link\" href=\"https:\/\/inhouse.plus\/wfe\/vendedor-en-potencia-en-tenerife-esto-es-para-ti\/\" title=\"Vendedor en potencia en Tenerife, esto es para ti\">Vendedor en potencia en Tenerife, esto es para ti<\/a>\n            <\/h2>\n        <\/header><div class=\"ebpg-entry-meta ebpg-header-meta\"><div class=\"ebpg-entry-meta-items\"><span class=\"ebpg-posted-on\">\n            en septiembre 5, 2024\n        <\/span><\/div><\/div><div class=\"ebpg-entry-content\"><div class=\"ebpg-grid-post-excerpt\">\n            <p>Lo ven\u00edas pidiendo a gritos y aqu\u00ed lo tienes: contenido formativo y educativo sobre el apasionante (y a veces confuso)&#8230;<\/p>\n        <\/div><\/div><div class=\"ebpg-entry-meta ebpg-footer-meta\"><div class=\"ebpg-entry-meta-items\"><\/div><\/div><\/div><\/div><\/article><article class=\"ebpg-grid-post ebpg-post-grid-column\" data-id=\"2035\"><div class=\"ebpg-grid-post-holder\"><div class=\"ebpg-entry-wrapper\"><div class=\"ebpg-entry-media\">\n                <div class=\"ebpg-entry-thumbnail\">\n                    <a class=\"ebpg-post-link-wrapper eb-sr-only\" href=\"https:\/\/inhouse.plus\/wfe\/turismo-a-tope-en-tenerife-casa-para-quien\/\">Turismo a tope en Tenerife: \u00bfcasa para qui\u00e9n?<\/a>\n                    <img loading=\"lazy\" decoding=\"async\" width=\"1200\" height=\"1000\" src=\"https:\/\/inhouse.plus\/wfe\/wp-content\/uploads\/2024\/09\/blog-inhouse-02.png\" class=\"attachment- size- wp-post-image\" alt=\"\" \/>\n                <\/div>\n            <\/div><header class=\"ebpg-entry-header\">\n            <h2 class=\"ebpg-entry-title\">\n                <a class=\"ebpg-grid-post-link\" href=\"https:\/\/inhouse.plus\/wfe\/turismo-a-tope-en-tenerife-casa-para-quien\/\" title=\"Turismo a tope en Tenerife: \u00bfcasa para qui\u00e9n?\">Turismo a tope en Tenerife: \u00bfcasa para qui\u00e9n?<\/a>\n            <\/h2>\n        <\/header><div class=\"ebpg-entry-meta ebpg-header-meta\"><div class=\"ebpg-entry-meta-items\"><span class=\"ebpg-posted-on\">\n            en septiembre 5, 2024\n        <\/span><\/div><\/div><div class=\"ebpg-entry-content\"><div class=\"ebpg-grid-post-excerpt\">\n            <p>Vamos a ponernos en situaci\u00f3n: Tenerife, esa isla donde el sol brilla casi todo el a\u00f1o, las playas son de&#8230;<\/p>\n        <\/div><\/div><div class=\"ebpg-entry-meta ebpg-footer-meta\"><div class=\"ebpg-entry-meta-items\"><\/div><\/div><\/div><\/div><\/article><article class=\"ebpg-grid-post ebpg-post-grid-column\" data-id=\"2023\"><div class=\"ebpg-grid-post-holder\"><div class=\"ebpg-entry-wrapper\"><div class=\"ebpg-entry-media\">\n                <div class=\"ebpg-entry-thumbnail\">\n                    <a class=\"ebpg-post-link-wrapper eb-sr-only\" href=\"https:\/\/inhouse.plus\/wfe\/comprar-casa-en-tenerife\/\">Comprar casa en Tenerife: \u00bfuna misi\u00f3n Imposible o un sue\u00f1o alcanzable?<\/a>\n                    <img loading=\"lazy\" decoding=\"async\" width=\"1200\" height=\"1000\" src=\"https:\/\/inhouse.plus\/wfe\/wp-content\/uploads\/2024\/09\/blog-inhouse-01.png\" class=\"attachment- size- wp-post-image\" alt=\"\" \/>\n                <\/div>\n            <\/div><header class=\"ebpg-entry-header\">\n            <h2 class=\"ebpg-entry-title\">\n                <a class=\"ebpg-grid-post-link\" href=\"https:\/\/inhouse.plus\/wfe\/comprar-casa-en-tenerife\/\" title=\"Comprar casa en Tenerife: \u00bfuna misi\u00f3n Imposible o un sue\u00f1o alcanzable?\">Comprar casa en Tenerife: \u00bfuna misi\u00f3n Imposible o un sue\u00f1o alcanzable?<\/a>\n            <\/h2>\n        <\/header><div class=\"ebpg-entry-meta ebpg-header-meta\"><div class=\"ebpg-entry-meta-items\"><span class=\"ebpg-posted-on\">\n            en septiembre 5, 2024\n        <\/span><\/div><\/div><div class=\"ebpg-entry-content\"><div class=\"ebpg-grid-post-excerpt\">\n            <p>\u00bfComprar una casa en Tenerife? Claro, facil\u00edsimo&#8230; si te sobra un mill\u00f3n de euros en el bolsillo o te gusta&#8230;<\/p>\n        <\/div><\/div><div class=\"ebpg-entry-meta ebpg-footer-meta\"><div class=\"ebpg-entry-meta-items\"><\/div><\/div><\/div><\/div><\/article><article class=\"ebpg-grid-post ebpg-post-grid-column\" data-id=\"1772\"><div class=\"ebpg-grid-post-holder\"><div class=\"ebpg-entry-wrapper\"><div class=\"ebpg-entry-media\">\n                <div class=\"ebpg-entry-thumbnail\">\n                    <a class=\"ebpg-post-link-wrapper eb-sr-only\" href=\"https:\/\/inhouse.plus\/wfe\/descubre-el-encanto-de-vivir-en-alcala-tu-paraiso-en-tenerife\/\">Descubre el encanto de vivir en Alcal\u00e1, tu para\u00edso en Tenerife<\/a>\n                    <img loading=\"lazy\" decoding=\"async\" width=\"1080\" height=\"1080\" src=\"https:\/\/inhouse.plus\/wfe\/wp-content\/uploads\/2024\/08\/WhatsApp-Image-2024-08-28-at-09.38.22.jpeg\" class=\"attachment- size- wp-post-image\" alt=\"\" \/>\n                <\/div>\n            <\/div><header class=\"ebpg-entry-header\">\n            <h2 class=\"ebpg-entry-title\">\n                <a class=\"ebpg-grid-post-link\" href=\"https:\/\/inhouse.plus\/wfe\/descubre-el-encanto-de-vivir-en-alcala-tu-paraiso-en-tenerife\/\" title=\"Descubre el encanto de vivir en Alcal\u00e1, tu para\u00edso en Tenerife\">Descubre el encanto de vivir en Alcal\u00e1, tu para\u00edso en Tenerife<\/a>\n            <\/h2>\n        <\/header><div class=\"ebpg-entry-meta ebpg-header-meta\"><div class=\"ebpg-entry-meta-items\"><span class=\"ebpg-posted-on\">\n            en agosto 28, 2024\n        <\/span><\/div><\/div><div class=\"ebpg-entry-content\"><div class=\"ebpg-grid-post-excerpt\">\n            <p>\u00bfEst\u00e1s buscando un lugar donde el sol, la naturaleza y la tranquilidad se fusionan a la perfecci\u00f3n? Alcal\u00e1, en Gu\u00eda&#8230;<\/p>\n        <\/div><\/div><div class=\"ebpg-entry-meta ebpg-footer-meta\"><div class=\"ebpg-entry-meta-items\"><\/div><\/div><\/div><\/div><\/article><\/div>        <\/div>\n    <\/div>\n<\/div>\n","protected":false},"excerpt":{"rendered":"","protected":false},"author":2,"featured_media":0,"parent":0,"menu_order":0,"comment_status":"closed","ping_status":"closed","template":"","meta":{"_eb_attr":"","footnotes":""},"class_list":["post-389","page","type-page","status-publish","hentry"],"yoast_head":"<!-- This site is optimized with the Yoast SEO plugin v23.4 - https:\/\/yoast.com\/wordpress\/plugins\/seo\/ -->\n<title>BLOG - IN HOUSE<\/title>\n<meta name=\"description\" content=\"\u00bfPor qu\u00e9 vivir en Tenerife? Tenerife combina la tranquilidad de una isla con las facilidades de una ciudad moderna.\" \/>\n<meta name=\"robots\" content=\"index, follow, max-snippet:-1, max-image-preview:large, max-video-preview:-1\" \/>\n<link rel=\"canonical\" href=\"https:\/\/inhouse.plus\/wfe\/blog\/\" \/>\n<meta property=\"og:locale\" content=\"es_ES\" \/>\n<meta property=\"og:type\" content=\"article\" \/>\n<meta property=\"og:title\" content=\"BLOG - IN HOUSE\" \/>\n<meta property=\"og:description\" content=\"\u00bfPor qu\u00e9 vivir en Tenerife? Tenerife combina la tranquilidad de una isla con las facilidades de una ciudad moderna.\" \/>\n<meta property=\"og:url\" content=\"https:\/\/inhouse.plus\/wfe\/blog\/\" \/>\n<meta property=\"og:site_name\" content=\"IN HOUSE\" \/>\n<meta property=\"article:publisher\" content=\"https:\/\/www.facebook.com\/inhousetenerife\" \/>\n<meta property=\"article:modified_time\" content=\"2024-09-04T21:50:34+00:00\" \/>\n<meta property=\"og:image\" content=\"https:\/\/inhouse.plus\/wfe\/wp-content\/uploads\/2024\/07\/elmedano-1024x768.png\" \/>\n\t<meta property=\"og:image:width\" content=\"1024\" \/>\n\t<meta property=\"og:image:height\" content=\"768\" \/>\n\t<meta property=\"og:image:type\" content=\"image\/png\" \/>\n<meta name=\"twitter:card\" content=\"summary_large_image\" \/>\n<script type=\"application\/ld+json\" class=\"yoast-schema-graph\">{\"@context\":\"https:\/\/schema.org\",\"@graph\":[{\"@type\":\"WebPage\",\"@id\":\"https:\/\/inhouse.plus\/wfe\/blog\/\",\"url\":\"https:\/\/inhouse.plus\/wfe\/blog\/\",\"name\":\"BLOG - IN HOUSE\",\"isPartOf\":{\"@id\":\"https:\/\/inhouse.plus\/wfe\/#website\"},\"datePublished\":\"2024-07-08T01:07:14+00:00\",\"dateModified\":\"2024-09-04T21:50:34+00:00\",\"description\":\"\u00bfPor qu\u00e9 vivir en Tenerife? Tenerife combina la tranquilidad de una isla con las facilidades de una ciudad moderna.\",\"breadcrumb\":{\"@id\":\"https:\/\/inhouse.plus\/wfe\/blog\/#breadcrumb\"},\"inLanguage\":\"es\",\"potentialAction\":[{\"@type\":\"ReadAction\",\"target\":[\"https:\/\/inhouse.plus\/wfe\/blog\/\"]}]},{\"@type\":\"BreadcrumbList\",\"@id\":\"https:\/\/inhouse.plus\/wfe\/blog\/#breadcrumb\",\"itemListElement\":[{\"@type\":\"ListItem\",\"position\":1,\"name\":\"In\u00edcio\",\"item\":\"https:\/\/inhouse.plus\/wfe\/\"},{\"@type\":\"ListItem\",\"position\":2,\"name\":\"BLOG\"}]},{\"@type\":\"WebSite\",\"@id\":\"https:\/\/inhouse.plus\/wfe\/#website\",\"url\":\"https:\/\/inhouse.plus\/wfe\/\",\"name\":\"IN HOUSE\",\"description\":\"\",\"publisher\":{\"@id\":\"https:\/\/inhouse.plus\/wfe\/#organization\"},\"alternateName\":\"In House Tenerife\",\"potentialAction\":[{\"@type\":\"SearchAction\",\"target\":{\"@type\":\"EntryPoint\",\"urlTemplate\":\"https:\/\/inhouse.plus\/wfe\/?s={search_term_string}\"},\"query-input\":{\"@type\":\"PropertyValueSpecification\",\"valueRequired\":true,\"valueName\":\"search_term_string\"}}],\"inLanguage\":\"es\"},{\"@type\":\"Organization\",\"@id\":\"https:\/\/inhouse.plus\/wfe\/#organization\",\"name\":\"IN HOUSE\",\"alternateName\":\"IN HOUSE\",\"url\":\"https:\/\/inhouse.plus\/wfe\/\",\"logo\":{\"@type\":\"ImageObject\",\"inLanguage\":\"es\",\"@id\":\"https:\/\/inhouse.plus\/wfe\/#\/schema\/logo\/image\/\",\"url\":\"https:\/\/inhouse.plus\/wfe\/wp-content\/uploads\/2024\/07\/logo-site-inhouse-plus.png\",\"contentUrl\":\"https:\/\/inhouse.plus\/wfe\/wp-content\/uploads\/2024\/07\/logo-site-inhouse-plus.png\",\"width\":300,\"height\":100,\"caption\":\"IN HOUSE\"},\"image\":{\"@id\":\"https:\/\/inhouse.plus\/wfe\/#\/schema\/logo\/image\/\"},\"sameAs\":[\"https:\/\/www.facebook.com\/inhousetenerife\",\"https:\/\/www.instagram.com\/inhousetenerife\"]}]}<\/script>\n<!-- \/ Yoast SEO plugin. -->","yoast_head_json":{"title":"BLOG - IN HOUSE","description":"\u00bfPor qu\u00e9 vivir en Tenerife? Tenerife combina la tranquilidad de una isla con las facilidades de una ciudad moderna.","robots":{"index":"index","follow":"follow","max-snippet":"max-snippet:-1","max-image-preview":"max-image-preview:large","max-video-preview":"max-video-preview:-1"},"canonical":"https:\/\/inhouse.plus\/wfe\/blog\/","og_locale":"es_ES","og_type":"article","og_title":"BLOG - IN HOUSE","og_description":"\u00bfPor qu\u00e9 vivir en Tenerife? Tenerife combina la tranquilidad de una isla con las facilidades de una ciudad moderna.","og_url":"https:\/\/inhouse.plus\/wfe\/blog\/","og_site_name":"IN HOUSE","article_publisher":"https:\/\/www.facebook.com\/inhousetenerife","article_modified_time":"2024-09-04T21:50:34+00:00","og_image":[{"width":1024,"height":768,"url":"https:\/\/inhouse.plus\/wfe\/wp-content\/uploads\/2024\/07\/elmedano-1024x768.png","type":"image\/png"}],"twitter_card":"summary_large_image","schema":{"@context":"https:\/\/schema.org","@graph":[{"@type":"WebPage","@id":"https:\/\/inhouse.plus\/wfe\/blog\/","url":"https:\/\/inhouse.plus\/wfe\/blog\/","name":"BLOG - IN HOUSE","isPartOf":{"@id":"https:\/\/inhouse.plus\/wfe\/#website"},"datePublished":"2024-07-08T01:07:14+00:00","dateModified":"2024-09-04T21:50:34+00:00","description":"\u00bfPor qu\u00e9 vivir en Tenerife? Tenerife combina la tranquilidad de una isla con las facilidades de una ciudad moderna.","breadcrumb":{"@id":"https:\/\/inhouse.plus\/wfe\/blog\/#breadcrumb"},"inLanguage":"es","potentialAction":[{"@type":"ReadAction","target":["https:\/\/inhouse.plus\/wfe\/blog\/"]}]},{"@type":"BreadcrumbList","@id":"https:\/\/inhouse.plus\/wfe\/blog\/#breadcrumb","itemListElement":[{"@type":"ListItem","position":1,"name":"In\u00edcio","item":"https:\/\/inhouse.plus\/wfe\/"},{"@type":"ListItem","position":2,"name":"BLOG"}]},{"@type":"WebSite","@id":"https:\/\/inhouse.plus\/wfe\/#website","url":"https:\/\/inhouse.plus\/wfe\/","name":"IN HOUSE","description":"","publisher":{"@id":"https:\/\/inhouse.plus\/wfe\/#organization"},"alternateName":"In House Tenerife","potentialAction":[{"@type":"SearchAction","target":{"@type":"EntryPoint","urlTemplate":"https:\/\/inhouse.plus\/wfe\/?s={search_term_string}"},"query-input":{"@type":"PropertyValueSpecification","valueRequired":true,"valueName":"search_term_string"}}],"inLanguage":"es"},{"@type":"Organization","@id":"https:\/\/inhouse.plus\/wfe\/#organization","name":"IN HOUSE","alternateName":"IN HOUSE","url":"https:\/\/inhouse.plus\/wfe\/","logo":{"@type":"ImageObject","inLanguage":"es","@id":"https:\/\/inhouse.plus\/wfe\/#\/schema\/logo\/image\/","url":"https:\/\/inhouse.plus\/wfe\/wp-content\/uploads\/2024\/07\/logo-site-inhouse-plus.png","contentUrl":"https:\/\/inhouse.plus\/wfe\/wp-content\/uploads\/2024\/07\/logo-site-inhouse-plus.png","width":300,"height":100,"caption":"IN HOUSE"},"image":{"@id":"https:\/\/inhouse.plus\/wfe\/#\/schema\/logo\/image\/"},"sameAs":["https:\/\/www.facebook.com\/inhousetenerife","https:\/\/www.instagram.com\/inhousetenerife"]}]}},"_links":{"self":[{"href":"https:\/\/inhouse.plus\/wfe\/wp-json\/wp\/v2\/pages\/389"}],"collection":[{"href":"https:\/\/inhouse.plus\/wfe\/wp-json\/wp\/v2\/pages"}],"about":[{"href":"https:\/\/inhouse.plus\/wfe\/wp-json\/wp\/v2\/types\/page"}],"author":[{"embeddable":true,"href":"https:\/\/inhouse.plus\/wfe\/wp-json\/wp\/v2\/users\/2"}],"replies":[{"embeddable":true,"href":"https:\/\/inhouse.plus\/wfe\/wp-json\/wp\/v2\/comments?post=389"}],"version-history":[{"count":4,"href":"https:\/\/inhouse.plus\/wfe\/wp-json\/wp\/v2\/pages\/389\/revisions"}],"predecessor-version":[{"id":2016,"href":"https:\/\/inhouse.plus\/wfe\/wp-json\/wp\/v2\/pages\/389\/revisions\/2016"}],"wp:attachment":[{"href":"https:\/\/inhouse.plus\/wfe\/wp-json\/wp\/v2\/media?parent=389"}],"curies":[{"name":"wp","href":"https:\/\/api.w.org\/{rel}","templated":true}]}}