{"id":363,"date":"2024-07-08T00:29:33","date_gmt":"2024-07-08T00:29:33","guid":{"rendered":"https:\/\/inhouse.plus\/wfe\/?page_id=363"},"modified":"2024-09-04T21:58:13","modified_gmt":"2024-09-04T21:58:13","slug":"nosotros","status":"publish","type":"page","link":"https:\/\/inhouse.plus\/wfe\/nosotros\/","title":{"rendered":"NOSOTROS"},"content":{"rendered":"\n<p><\/p>\n\n\n\n<div class=\"wp-block-group has-background-background-color has-background is-layout-constrained wp-container-core-group-is-layout-2 wp-block-group-is-layout-constrained\" style=\"margin-top:0;margin-bottom:0;padding-top:31px;padding-right:var(--wp--preset--spacing--40);padding-bottom:80px;padding-left:var(--wp--preset--spacing--40)\">\n<div class=\"wp-block-columns are-vertically-aligned-center is-layout-flex wp-container-core-columns-is-layout-2 wp-block-columns-is-layout-flex\" style=\"padding-top:0;padding-right:0;padding-bottom:0;padding-left:0\">\n<div class=\"wp-block-column is-vertically-aligned-center fotawp-flip-up is-layout-flow wp-block-column-is-layout-flow\" style=\"flex-basis:45%\">\n<figure class=\"wp-block-image size-full\"><img decoding=\"async\" src=\"https:\/\/inhouse.plus\/wfe\/wp-content\/themes\/targetify\/assets\/images\/about_image.png\" alt=\"\" class=\"wp-image-6957\"\/><\/figure>\n<\/div>\n\n\n\n<div class=\"wp-block-column is-vertically-aligned-center is-layout-flow wp-block-column-is-layout-flow\" style=\"padding-top:0px;padding-right:0px;padding-bottom:0px;padding-left:0px;flex-basis:55%\">\n<div class=\"wp-block-group is-vertical is-layout-flex wp-container-core-group-is-layout-1 wp-block-group-is-layout-flex\" style=\"margin-top:10px;margin-bottom:0\">\n<h1 class=\"wp-block-heading has-xx-large-font-size\" style=\"line-height:1\"><strong>TE DAMOS <\/strong><\/h1>\n\n\n\n<h1 class=\"wp-block-heading has-primary-color has-text-color has-link-color has-xx-large-font-size wp-elements-37c87789f8e303be6fee140d986f5f2f\" style=\"line-height:1\"><strong>CONFIANZA Y SEGURIDAD<\/strong><\/h1>\n<\/div>\n\n\n\n<p>Amamos nuestra isla y nos apasiona ser realizadores de sue\u00f1os para propios y turistas; ofreci\u00e9ndoles un nuevo hogar en Tenerife.<\/p>\n\n\n\n<p>Trabajamos para todo el territorio, pero tenemos lugares favoritos como<a href=\"https:\/\/inhouse.plus\/wfe\/el-medano\/\"> El M\u00e9dano<\/a>, Los Abrigos, Granadilla, <a href=\"https:\/\/inhouse.plus\/wfe\/san-isidro\/\">San Isidro<\/a>, entre otros.<\/p>\n\n\n\n<div class=\"wp-block-columns is-layout-flex wp-container-core-columns-is-layout-1 wp-block-columns-is-layout-flex\">\n<div class=\"wp-block-column fotawp-flip-left is-layout-flow wp-block-column-is-layout-flow\">\n<h1 class=\"wp-block-heading has-text-align-left\" style=\"font-size:44px\">+20<\/h1>\n\n\n\n<h4 class=\"wp-block-heading has-text-align-left has-small-font-size\">a\u00f1os de experiencia<\/h4>\n<\/div>\n\n\n\n<div class=\"wp-block-column fotawp-flip-left is-layout-flow wp-block-column-is-layout-flow\">\n<h1 class=\"wp-block-heading has-text-align-left\" style=\"font-size:44px\">+200<\/h1>\n\n\n\n<h4 class=\"wp-block-heading has-text-align-left has-small-font-size\">inmuebles activos en cartera<\/h4>\n<\/div>\n\n\n\n<div class=\"wp-block-column fotawp-flip-left is-layout-flow wp-block-column-is-layout-flow\">\n<h1 class=\"wp-block-heading has-text-align-left\" style=\"font-size:44px\">+700 <\/h1>\n\n\n\n<h4 class=\"wp-block-heading has-text-align-left has-small-font-size\">inmuebles vendidos<\/h4>\n<\/div>\n<\/div>\n<\/div>\n<\/div>\n<\/div>\n\n\n\n<div class=\"wp-block-group is-style-fotawp-boxshadow-medium has-background is-layout-constrained wp-container-core-group-is-layout-6 wp-block-group-is-layout-constrained\" style=\"border-style:none;border-width:0px;border-radius:25px;background-color:#fbfbfb;margin-bottom:0;padding-top:2.8rem;padding-right:var(--wp--preset--spacing--40);padding-bottom:2.8rem;padding-left:var(--wp--preset--spacing--40)\">\n<div class=\"wp-block-columns is-layout-flex wp-container-core-columns-is-layout-3 wp-block-columns-is-layout-flex\">\n<div class=\"wp-block-column is-style-default fotawp-fade-up is-layout-flow wp-block-column-is-layout-flow\" style=\"border-style:none;border-width:0px;padding-top:0;padding-right:var(--wp--preset--spacing--30);padding-bottom:0;padding-left:0\">\n<div class=\"wp-block-group is-style-default fotawp-cta-box is-layout-constrained wp-container-core-group-is-layout-3 wp-block-group-is-layout-constrained\" style=\"border-style:none;border-width:0px;border-radius:10px;padding-top:0px;padding-right:36px;padding-bottom:0px;padding-left:36px\">\n<h4 class=\"wp-block-heading has-text-align-center has-heading-color-color has-text-color has-medium-font-size\" style=\"margin-top:var(--wp--preset--spacing--50);font-style:normal;font-weight:600\"><strong>Nuestra Misi\u00f3n<\/strong><\/h4>\n\n\n\n<p class=\"has-text-align-center\" style=\"margin-top:var(--wp--preset--spacing--40);font-size:18px;line-height:1.5\">Transformar la vida de cientos de personas en Tenerife a trav\u00e9s de la compra y venta de inmuebles.<\/p>\n\n\n\n<div class=\"wp-block-buttons is-content-justification-center is-layout-flex wp-container-core-buttons-is-layout-1 wp-block-buttons-is-layout-flex\"><\/div>\n<\/div>\n<\/div>\n\n\n\n<div class=\"wp-block-column is-style-default fotawp-fade-up is-layout-flow wp-block-column-is-layout-flow\" style=\"border-style:none;border-width:0px;padding-top:0;padding-right:var(--wp--preset--spacing--20);padding-bottom:var(--wp--preset--spacing--20);padding-left:0\">\n<div class=\"wp-block-group is-style-default fotawp-cta-box is-layout-constrained wp-container-core-group-is-layout-4 wp-block-group-is-layout-constrained\" style=\"border-style:none;border-width:0px;border-radius:0px;padding-top:0px;padding-right:36px;padding-bottom:0px;padding-left:36px\">\n<h4 class=\"wp-block-heading has-text-align-center has-heading-color-color has-text-color has-medium-font-size\" style=\"margin-top:var(--wp--preset--spacing--50);font-style:normal;font-weight:600\">Nuestra Visi\u00f3n<br><\/h4>\n\n\n\n<p class=\"has-text-align-center\" style=\"margin-top:var(--wp--preset--spacing--40);font-size:18px;line-height:1.5\">Ser referentes del sector inmobiliario en Tenerife sur.<\/p>\n\n\n\n<div class=\"wp-block-buttons is-content-justification-center is-layout-flex wp-container-core-buttons-is-layout-2 wp-block-buttons-is-layout-flex\"><\/div>\n<\/div>\n<\/div>\n\n\n\n<div class=\"wp-block-column is-style-default fotawp-fade-up is-layout-flow wp-block-column-is-layout-flow\" style=\"border-style:none;border-width:0px;padding-top:0;padding-right:0;padding-bottom:0;padding-left:0\">\n<div class=\"wp-block-group is-style-default fotawp-cta-box is-layout-constrained wp-container-core-group-is-layout-5 wp-block-group-is-layout-constrained\" style=\"border-style:none;border-width:0px;border-radius:0px;padding-top:0px;padding-right:36px;padding-bottom:0px;padding-left:36px\">\n<h4 class=\"wp-block-heading has-text-align-center has-heading-color-color has-text-color has-medium-font-size\" style=\"margin-top:var(--wp--preset--spacing--50);font-style:normal;font-weight:600\">Nuestro Prop\u00f3sito<\/h4>\n\n\n\n<p class=\"has-text-align-center\" style=\"font-size:18px\">Mejorar la calidad de vida de las personas residentes y no residentes de Tenerife que desean invertir en inmuebles.<\/p>\n<\/div>\n<\/div>\n<\/div>\n<\/div>\n","protected":false},"excerpt":{"rendered":"<p>TE DAMOS CONFIANZA Y SEGURIDAD Amamos nuestra isla y nos apasiona ser realizadores de sue\u00f1os para propios y turistas; ofreci\u00e9ndoles un nuevo hogar en Tenerife. Trabajamos para todo el territorio, pero tenemos lugares favoritos como El M\u00e9dano, Los Abrigos, Granadilla,&#8230;<\/p>\n","protected":false},"author":2,"featured_media":0,"parent":0,"menu_order":0,"comment_status":"closed","ping_status":"closed","template":"","meta":{"_eb_attr":"","footnotes":""},"class_list":["post-363","page","type-page","status-publish","hentry"],"yoast_head":"<!-- This site is optimized with the Yoast SEO plugin v23.4 - https:\/\/yoast.com\/wordpress\/plugins\/seo\/ -->\n<title>NOSOTROS - IN HOUSE<\/title>\n<meta name=\"description\" content=\"Trabajamos para todo el territorio, pero tenemos lugares favoritos como El M\u00e9dano, Los Abrigos, Granadilla, San Isidro, entre otros.\" \/>\n<meta name=\"robots\" content=\"index, follow, max-snippet:-1, max-image-preview:large, max-video-preview:-1\" \/>\n<link rel=\"canonical\" href=\"https:\/\/inhouse.plus\/wfe\/nosotros\/\" \/>\n<meta property=\"og:locale\" content=\"es_ES\" \/>\n<meta property=\"og:type\" content=\"article\" \/>\n<meta property=\"og:title\" content=\"NOSOTROS - IN HOUSE\" \/>\n<meta property=\"og:description\" content=\"Trabajamos para todo el territorio, pero tenemos lugares favoritos como El M\u00e9dano, Los Abrigos, Granadilla, San Isidro, entre otros.\" \/>\n<meta property=\"og:url\" content=\"https:\/\/inhouse.plus\/wfe\/nosotros\/\" \/>\n<meta property=\"og:site_name\" content=\"IN HOUSE\" \/>\n<meta property=\"article:publisher\" content=\"https:\/\/www.facebook.com\/inhousetenerife\" \/>\n<meta property=\"article:modified_time\" content=\"2024-09-04T21:58:13+00:00\" \/>\n<meta property=\"og:image\" content=\"https:\/\/inhouse.plus\/wfe\/wp-content\/themes\/targetify\/assets\/images\/about_image.png\" \/>\n<meta name=\"twitter:card\" content=\"summary_large_image\" \/>\n<meta name=\"twitter:label1\" content=\"Tiempo de lectura\" \/>\n\t<meta name=\"twitter:data1\" content=\"1 minuto\" \/>\n<script type=\"application\/ld+json\" class=\"yoast-schema-graph\">{\"@context\":\"https:\/\/schema.org\",\"@graph\":[{\"@type\":\"WebPage\",\"@id\":\"https:\/\/inhouse.plus\/wfe\/nosotros\/\",\"url\":\"https:\/\/inhouse.plus\/wfe\/nosotros\/\",\"name\":\"NOSOTROS - IN HOUSE\",\"isPartOf\":{\"@id\":\"https:\/\/inhouse.plus\/wfe\/#website\"},\"primaryImageOfPage\":{\"@id\":\"https:\/\/inhouse.plus\/wfe\/nosotros\/#primaryimage\"},\"image\":{\"@id\":\"https:\/\/inhouse.plus\/wfe\/nosotros\/#primaryimage\"},\"thumbnailUrl\":\"https:\/\/inhouse.plus\/wfe\/wp-content\/themes\/targetify\/assets\/images\/about_image.png\",\"datePublished\":\"2024-07-08T00:29:33+00:00\",\"dateModified\":\"2024-09-04T21:58:13+00:00\",\"description\":\"Trabajamos para todo el territorio, pero tenemos lugares favoritos como El M\u00e9dano, Los Abrigos, Granadilla, San Isidro, entre otros.\",\"breadcrumb\":{\"@id\":\"https:\/\/inhouse.plus\/wfe\/nosotros\/#breadcrumb\"},\"inLanguage\":\"es\",\"potentialAction\":[{\"@type\":\"ReadAction\",\"target\":[\"https:\/\/inhouse.plus\/wfe\/nosotros\/\"]}]},{\"@type\":\"ImageObject\",\"inLanguage\":\"es\",\"@id\":\"https:\/\/inhouse.plus\/wfe\/nosotros\/#primaryimage\",\"url\":\"https:\/\/inhouse.plus\/wfe\/wp-content\/uploads\/fotos\/22288321\/3-22.jpg\",\"contentUrl\":\"https:\/\/inhouse.plus\/wfe\/wp-content\/uploads\/fotos\/22288321\/3-22.jpg\"},{\"@type\":\"BreadcrumbList\",\"@id\":\"https:\/\/inhouse.plus\/wfe\/nosotros\/#breadcrumb\",\"itemListElement\":[{\"@type\":\"ListItem\",\"position\":1,\"name\":\"In\u00edcio\",\"item\":\"https:\/\/inhouse.plus\/wfe\/\"},{\"@type\":\"ListItem\",\"position\":2,\"name\":\"NOSOTROS\"}]},{\"@type\":\"WebSite\",\"@id\":\"https:\/\/inhouse.plus\/wfe\/#website\",\"url\":\"https:\/\/inhouse.plus\/wfe\/\",\"name\":\"IN HOUSE\",\"description\":\"\",\"publisher\":{\"@id\":\"https:\/\/inhouse.plus\/wfe\/#organization\"},\"alternateName\":\"In House Tenerife\",\"potentialAction\":[{\"@type\":\"SearchAction\",\"target\":{\"@type\":\"EntryPoint\",\"urlTemplate\":\"https:\/\/inhouse.plus\/wfe\/?s={search_term_string}\"},\"query-input\":{\"@type\":\"PropertyValueSpecification\",\"valueRequired\":true,\"valueName\":\"search_term_string\"}}],\"inLanguage\":\"es\"},{\"@type\":\"Organization\",\"@id\":\"https:\/\/inhouse.plus\/wfe\/#organization\",\"name\":\"IN HOUSE\",\"alternateName\":\"IN HOUSE\",\"url\":\"https:\/\/inhouse.plus\/wfe\/\",\"logo\":{\"@type\":\"ImageObject\",\"inLanguage\":\"es\",\"@id\":\"https:\/\/inhouse.plus\/wfe\/#\/schema\/logo\/image\/\",\"url\":\"https:\/\/inhouse.plus\/wfe\/wp-content\/uploads\/2024\/07\/logo-site-inhouse-plus.png\",\"contentUrl\":\"https:\/\/inhouse.plus\/wfe\/wp-content\/uploads\/2024\/07\/logo-site-inhouse-plus.png\",\"width\":300,\"height\":100,\"caption\":\"IN HOUSE\"},\"image\":{\"@id\":\"https:\/\/inhouse.plus\/wfe\/#\/schema\/logo\/image\/\"},\"sameAs\":[\"https:\/\/www.facebook.com\/inhousetenerife\",\"https:\/\/www.instagram.com\/inhousetenerife\"]}]}<\/script>\n<!-- \/ Yoast SEO plugin. -->","yoast_head_json":{"title":"NOSOTROS - IN HOUSE","description":"Trabajamos para todo el territorio, pero tenemos lugares favoritos como El M\u00e9dano, Los Abrigos, Granadilla, San Isidro, entre otros.","robots":{"index":"index","follow":"follow","max-snippet":"max-snippet:-1","max-image-preview":"max-image-preview:large","max-video-preview":"max-video-preview:-1"},"canonical":"https:\/\/inhouse.plus\/wfe\/nosotros\/","og_locale":"es_ES","og_type":"article","og_title":"NOSOTROS - IN HOUSE","og_description":"Trabajamos para todo el territorio, pero tenemos lugares favoritos como El M\u00e9dano, Los Abrigos, Granadilla, San Isidro, entre otros.","og_url":"https:\/\/inhouse.plus\/wfe\/nosotros\/","og_site_name":"IN HOUSE","article_publisher":"https:\/\/www.facebook.com\/inhousetenerife","article_modified_time":"2024-09-04T21:58:13+00:00","og_image":[{"url":"https:\/\/inhouse.plus\/wfe\/wp-content\/themes\/targetify\/assets\/images\/about_image.png"}],"twitter_card":"summary_large_image","twitter_misc":{"Tiempo de lectura":"1 minuto"},"schema":{"@context":"https:\/\/schema.org","@graph":[{"@type":"WebPage","@id":"https:\/\/inhouse.plus\/wfe\/nosotros\/","url":"https:\/\/inhouse.plus\/wfe\/nosotros\/","name":"NOSOTROS - IN HOUSE","isPartOf":{"@id":"https:\/\/inhouse.plus\/wfe\/#website"},"primaryImageOfPage":{"@id":"https:\/\/inhouse.plus\/wfe\/nosotros\/#primaryimage"},"image":{"@id":"https:\/\/inhouse.plus\/wfe\/nosotros\/#primaryimage"},"thumbnailUrl":"https:\/\/inhouse.plus\/wfe\/wp-content\/themes\/targetify\/assets\/images\/about_image.png","datePublished":"2024-07-08T00:29:33+00:00","dateModified":"2024-09-04T21:58:13+00:00","description":"Trabajamos para todo el territorio, pero tenemos lugares favoritos como El M\u00e9dano, Los Abrigos, Granadilla, San Isidro, entre otros.","breadcrumb":{"@id":"https:\/\/inhouse.plus\/wfe\/nosotros\/#breadcrumb"},"inLanguage":"es","potentialAction":[{"@type":"ReadAction","target":["https:\/\/inhouse.plus\/wfe\/nosotros\/"]}]},{"@type":"ImageObject","inLanguage":"es","@id":"https:\/\/inhouse.plus\/wfe\/nosotros\/#primaryimage","url":"https:\/\/inhouse.plus\/wfe\/wp-content\/uploads\/fotos\/22288321\/3-22.jpg","contentUrl":"https:\/\/inhouse.plus\/wfe\/wp-content\/uploads\/fotos\/22288321\/3-22.jpg"},{"@type":"BreadcrumbList","@id":"https:\/\/inhouse.plus\/wfe\/nosotros\/#breadcrumb","itemListElement":[{"@type":"ListItem","position":1,"name":"In\u00edcio","item":"https:\/\/inhouse.plus\/wfe\/"},{"@type":"ListItem","position":2,"name":"NOSOTROS"}]},{"@type":"WebSite","@id":"https:\/\/inhouse.plus\/wfe\/#website","url":"https:\/\/inhouse.plus\/wfe\/","name":"IN HOUSE","description":"","publisher":{"@id":"https:\/\/inhouse.plus\/wfe\/#organization"},"alternateName":"In House Tenerife","potentialAction":[{"@type":"SearchAction","target":{"@type":"EntryPoint","urlTemplate":"https:\/\/inhouse.plus\/wfe\/?s={search_term_string}"},"query-input":{"@type":"PropertyValueSpecification","valueRequired":true,"valueName":"search_term_string"}}],"inLanguage":"es"},{"@type":"Organization","@id":"https:\/\/inhouse.plus\/wfe\/#organization","name":"IN HOUSE","alternateName":"IN HOUSE","url":"https:\/\/inhouse.plus\/wfe\/","logo":{"@type":"ImageObject","inLanguage":"es","@id":"https:\/\/inhouse.plus\/wfe\/#\/schema\/logo\/image\/","url":"https:\/\/inhouse.plus\/wfe\/wp-content\/uploads\/2024\/07\/logo-site-inhouse-plus.png","contentUrl":"https:\/\/inhouse.plus\/wfe\/wp-content\/uploads\/2024\/07\/logo-site-inhouse-plus.png","width":300,"height":100,"caption":"IN HOUSE"},"image":{"@id":"https:\/\/inhouse.plus\/wfe\/#\/schema\/logo\/image\/"},"sameAs":["https:\/\/www.facebook.com\/inhousetenerife","https:\/\/www.instagram.com\/inhousetenerife"]}]}},"_links":{"self":[{"href":"https:\/\/inhouse.plus\/wfe\/wp-json\/wp\/v2\/pages\/363"}],"collection":[{"href":"https:\/\/inhouse.plus\/wfe\/wp-json\/wp\/v2\/pages"}],"about":[{"href":"https:\/\/inhouse.plus\/wfe\/wp-json\/wp\/v2\/types\/page"}],"author":[{"embeddable":true,"href":"https:\/\/inhouse.plus\/wfe\/wp-json\/wp\/v2\/users\/2"}],"replies":[{"embeddable":true,"href":"https:\/\/inhouse.plus\/wfe\/wp-json\/wp\/v2\/comments?post=363"}],"version-history":[{"count":18,"href":"https:\/\/inhouse.plus\/wfe\/wp-json\/wp\/v2\/pages\/363\/revisions"}],"predecessor-version":[{"id":2017,"href":"https:\/\/inhouse.plus\/wfe\/wp-json\/wp\/v2\/pages\/363\/revisions\/2017"}],"wp:attachment":[{"href":"https:\/\/inhouse.plus\/wfe\/wp-json\/wp\/v2\/media?parent=363"}],"curies":[{"name":"wp","href":"https:\/\/api.w.org\/{rel}","templated":true}]}}