{"id":1016,"date":"2024-08-05T17:30:02","date_gmt":"2024-08-05T17:30:02","guid":{"rendered":"https:\/\/inhouse.plus\/wfe\/?page_id=1016"},"modified":"2024-08-05T17:50:47","modified_gmt":"2024-08-05T17:50:47","slug":"zonas-populares","status":"publish","type":"page","link":"https:\/\/inhouse.plus\/wfe\/zonas-populares\/","title":{"rendered":"Zonas Populares"},"content":{"rendered":"\r\n\t<div\r\n\t\tclass=\"ich-settings-main-wrap rem-listings-wrap-ajax-disable\"\r\n\t \tdata-lstyle=\"6\"\r\n\t \tdata-cols=\"col-sm-6 m-item\"\r\n\t \tdata-paged=\"1\"\r\n\t \tdata-total=\"10\"\r\n\t>\r\n\r\n\r\n\t\t\r\n\t<div class=\"row \"><div id=\"property-2116\"  class=\"col-sm-6 m-item post-2116 rem_property type-rem_property status-publish hentry rem_property_tag-sanisidro rem_property_tag-zonaspopulares rem_property_cat-san-isidro rem_property_cat-zonas-populares\"><div class=\"propery-style-6\">\n        <a target=\"\" href=\"https:\/\/inhouse.plus\/wfe\/propiedad\/amplio-y-luminoso-apartamento-en-el-corazon-de-el-medano\/\">\n    <div class=\"post-img image image-fill\">\n        <img loading=\"lazy\" decoding=\"async\" width=\"1920\" height=\"1080\" src=\"https:\/\/inhouse.plus\/wfe\/wp-content\/uploads\/2024\/10\/foto1.jpg\" class=\"img-responsive rem-f-image\" alt=\"\" data-pid=\"2116\" srcset=\"https:\/\/inhouse.plus\/wfe\/wp-content\/uploads\/2024\/10\/foto1.jpg 1920w, https:\/\/inhouse.plus\/wfe\/wp-content\/uploads\/2024\/10\/foto1-300x169.jpg 300w, https:\/\/inhouse.plus\/wfe\/wp-content\/uploads\/2024\/10\/foto1-1024x576.jpg 1024w, https:\/\/inhouse.plus\/wfe\/wp-content\/uploads\/2024\/10\/foto1-768x432.jpg 768w, https:\/\/inhouse.plus\/wfe\/wp-content\/uploads\/2024\/10\/foto1-1536x864.jpg 1536w\" sizes=\"(max-width: 1920px) 100vw, 1920px\" \/>        <div class=\"category\">\n            <span class=\"price\">\n                                    <span class=\"rem-price-amount\">340.000,00<span class=\"rem-currency-symbol\">&euro;<\/span><\/span>                            <\/span>\n            <span>San Isidro<\/span>\n        <\/div>\n                    <div class=\"category-1\">Venta<\/div>\n                    <\/div>\n    <\/a>\n    <div class=\"post-review\">\n        <h3 class=\"post-title\">\n            Amplio y luminoso apartamento en el corazon de El Medano        <\/h3>\n        <span class=\"location\"><i class=\"fa fa-map-marker-alt\" aria-hidden=\"true\"><\/i> Paseo Atl\u00e1ntico 21<\/span>\n        <p class=\"post-description\">\n            REF: 61294 Este apartamento de 101 m\u00b2 est\u00e1 estrat\u00e9gicamente ubicado en el centro de El M\u00e9dano, ofreci\u00e9ndote la comodidad de&hellip;        <\/p>\n        <hr>\n        <div class=\"post-bar\">\n                        <div class=\"detail inline-property-icons\">\n                                                                                                                            <span title=\"Domitorios\" class=\"rem-info\">\n                                    <i class=\"fa fa-bed\"><\/i> &nbsp;\n                                    3                                <\/span>\n                                                                                                                                                                                    <span title=\"Ba\u00f1os\" class=\"rem-info\">\n                                    <i class=\"fa fa-bath\"><\/i> &nbsp;\n                                    2                                <\/span>\n                                                                                                                                                                                    <span title=\"Superficie\" class=\"rem-info\">\n                                    <i class=\"fa fa-arrows-alt\"><\/i> &nbsp;\n                                    99 m\u00b2                                <\/span>\n                                                                                    <\/div>\n                    <div class=\"footer-buttons\">\n                            <a target=\"\" class=\"btn btn-default\" href=\"https:\/\/inhouse.plus\/wfe\/propiedad\/amplio-y-luminoso-apartamento-en-el-corazon-de-el-medano\/\">\n                    Detalles                <\/a>\n                            <\/div>\n        <\/div>\n    <\/div>\n<\/div><\/div><div id=\"property-7036\"  class=\"col-sm-6 m-item post-7036 rem_property type-rem_property status-publish hentry rem_property_tag-sanisidro rem_property_tag-zonaspopulares rem_property_cat-san-isidro rem_property_cat-zonas-populares\"><div class=\"propery-style-6\">\n        <a target=\"\" href=\"https:\/\/inhouse.plus\/wfe\/propiedad\/61412\/\">\n    <div class=\"post-img image image-fill\">\n        <img decoding=\"async\" src=\"https:\/\/inhouse.plus\/wfe\/wp-content\/uploads\/fotos\/25147439\/2-1.jpg\" class=\"img-responsive rem-f-image\" alt=\"\" data-pid=\"7036\" \/>        <div class=\"category\">\n            <span class=\"price\">\n                                    <span class=\"rem-price-amount\">0,00<span class=\"rem-currency-symbol\">&euro;<\/span><\/span>                            <\/span>\n            <span>San Isidro<\/span>\n        <\/div>\n                    <div class=\"category-1\">Venta<\/div>\n                        <div class=\"property-type\">Apartamento<\/div>\n            <\/div>\n    <\/a>\n    <div class=\"post-review\">\n        <h3 class=\"post-title\">\n            !Maravillo piso en EL MEDANO!        <\/h3>\n        <span class=\"location\"><i class=\"fa fa-map-marker-alt\" aria-hidden=\"true\"><\/i> Calle de Brasil 1<\/span>\n        <p class=\"post-description\">\n            &#8211; Ref: 61412 &#8211; Superficie: 70 m2 &#8211; Superficie \u00fatil: 65 m2 &#8211; Precio venta \/ m2: 0,00 \u20ac &#8211;&hellip;        <\/p>\n        <hr>\n        <div class=\"post-bar\">\n                        <div class=\"detail inline-property-icons\">\n                                                                                                                            <span title=\"Domitorios\" class=\"rem-info\">\n                                    <i class=\"fa fa-bed\"><\/i> &nbsp;\n                                    2                                <\/span>\n                                                                                                                                                                                    <span title=\"Ba\u00f1os\" class=\"rem-info\">\n                                    <i class=\"fa fa-bath\"><\/i> &nbsp;\n                                    1                                <\/span>\n                                                                                                                                                                                    <span title=\"Superficie\" class=\"rem-info\">\n                                    <i class=\"fa fa-arrows-alt\"><\/i> &nbsp;\n                                    65 m\u00b2                                <\/span>\n                                                                                    <\/div>\n                    <div class=\"footer-buttons\">\n                            <a target=\"\" class=\"btn btn-default\" href=\"https:\/\/inhouse.plus\/wfe\/propiedad\/61412\/\">\n                    Detalles                <\/a>\n                            <\/div>\n        <\/div>\n    <\/div>\n<\/div><\/div><div id=\"property-7025\"  class=\"col-sm-6 m-item post-7025 rem_property type-rem_property status-publish hentry rem_property_tag-sanisidro rem_property_tag-zonaspopulares rem_property_cat-san-isidro rem_property_cat-zonas-populares\"><div class=\"propery-style-6\">\n        <a target=\"\" href=\"https:\/\/inhouse.plus\/wfe\/propiedad\/61413\/\">\n    <div class=\"post-img image image-fill\">\n        <img decoding=\"async\" src=\"https:\/\/inhouse.plus\/wfe\/wp-content\/uploads\/fotos\/25148235\/2-1.jpg\" class=\"img-responsive rem-f-image\" alt=\"\" data-pid=\"7025\" \/>        <div class=\"category\">\n            <span class=\"price\">\n                                    <span class=\"rem-price-amount\">0,00<span class=\"rem-currency-symbol\">&euro;<\/span><\/span>                            <\/span>\n            <span>San Isidro<\/span>\n        <\/div>\n                    <div class=\"category-1\">Venta<\/div>\n                        <div class=\"property-type\">Apartamento<\/div>\n            <\/div>\n    <\/a>\n    <div class=\"post-review\">\n        <h3 class=\"post-title\">\n            !Acogedor piso en EL MEDANO!        <\/h3>\n        <span class=\"location\"><i class=\"fa fa-map-marker-alt\" aria-hidden=\"true\"><\/i> Calle de Evaristo G\u00f3mez Gonz\u00e1lez 2<\/span>\n        <p class=\"post-description\">\n            &#8211; Ref: 61413 &#8211; Superficie: 60 m2 &#8211; Superficie \u00fatil: 55 m2 &#8211; Precio venta \/ m2: 0,00 \u20ac &#8211;&hellip;        <\/p>\n        <hr>\n        <div class=\"post-bar\">\n                        <div class=\"detail inline-property-icons\">\n                                                                                                                            <span title=\"Domitorios\" class=\"rem-info\">\n                                    <i class=\"fa fa-bed\"><\/i> &nbsp;\n                                    1                                <\/span>\n                                                                                                                                                                                    <span title=\"Ba\u00f1os\" class=\"rem-info\">\n                                    <i class=\"fa fa-bath\"><\/i> &nbsp;\n                                    1                                <\/span>\n                                                                                                                                                                                    <span title=\"Superficie\" class=\"rem-info\">\n                                    <i class=\"fa fa-arrows-alt\"><\/i> &nbsp;\n                                    55 m\u00b2                                <\/span>\n                                                                                    <\/div>\n                    <div class=\"footer-buttons\">\n                            <a target=\"\" class=\"btn btn-default\" href=\"https:\/\/inhouse.plus\/wfe\/propiedad\/61413\/\">\n                    Detalles                <\/a>\n                            <\/div>\n        <\/div>\n    <\/div>\n<\/div><\/div><\/div><div class=\"text-center\"><\/div>\t<\/div>\r\n\t\n","protected":false},"excerpt":{"rendered":"","protected":false},"author":2,"featured_media":0,"parent":0,"menu_order":0,"comment_status":"closed","ping_status":"closed","template":"page-with-right-sidebar","meta":{"_eb_attr":"","footnotes":""},"class_list":["post-1016","page","type-page","status-publish","hentry"],"yoast_head":"<!-- This site is optimized with the Yoast SEO plugin v23.4 - https:\/\/yoast.com\/wordpress\/plugins\/seo\/ -->\n<title>Zonas Populares - IN HOUSE<\/title>\n<meta name=\"robots\" content=\"index, follow, max-snippet:-1, max-image-preview:large, max-video-preview:-1\" \/>\n<link rel=\"canonical\" href=\"https:\/\/inhouse.plus\/wfe\/zonas-populares\/\" \/>\n<meta property=\"og:locale\" content=\"es_ES\" \/>\n<meta property=\"og:type\" content=\"article\" \/>\n<meta property=\"og:title\" content=\"Zonas Populares - IN HOUSE\" \/>\n<meta property=\"og:url\" content=\"https:\/\/inhouse.plus\/wfe\/zonas-populares\/\" \/>\n<meta property=\"og:site_name\" content=\"IN HOUSE\" \/>\n<meta property=\"article:publisher\" content=\"https:\/\/www.facebook.com\/inhousetenerife\" \/>\n<meta property=\"article:modified_time\" content=\"2024-08-05T17:50:47+00:00\" \/>\n<meta property=\"og:image\" content=\"https:\/\/inhouse.plus\/wfe\/wp-content\/uploads\/2024\/07\/elmedano-1024x768.png\" \/>\n\t<meta property=\"og:image:width\" content=\"1024\" \/>\n\t<meta property=\"og:image:height\" content=\"768\" \/>\n\t<meta property=\"og:image:type\" content=\"image\/png\" \/>\n<meta name=\"twitter:card\" content=\"summary_large_image\" \/>\n<meta name=\"twitter:label1\" content=\"Tiempo de lectura\" \/>\n\t<meta name=\"twitter:data1\" content=\"1 minuto\" \/>\n<script type=\"application\/ld+json\" class=\"yoast-schema-graph\">{\"@context\":\"https:\/\/schema.org\",\"@graph\":[{\"@type\":\"WebPage\",\"@id\":\"https:\/\/inhouse.plus\/wfe\/zonas-populares\/\",\"url\":\"https:\/\/inhouse.plus\/wfe\/zonas-populares\/\",\"name\":\"Zonas Populares - IN HOUSE\",\"isPartOf\":{\"@id\":\"https:\/\/inhouse.plus\/wfe\/#website\"},\"datePublished\":\"2024-08-05T17:30:02+00:00\",\"dateModified\":\"2024-08-05T17:50:47+00:00\",\"breadcrumb\":{\"@id\":\"https:\/\/inhouse.plus\/wfe\/zonas-populares\/#breadcrumb\"},\"inLanguage\":\"es\",\"potentialAction\":[{\"@type\":\"ReadAction\",\"target\":[\"https:\/\/inhouse.plus\/wfe\/zonas-populares\/\"]}]},{\"@type\":\"BreadcrumbList\",\"@id\":\"https:\/\/inhouse.plus\/wfe\/zonas-populares\/#breadcrumb\",\"itemListElement\":[{\"@type\":\"ListItem\",\"position\":1,\"name\":\"In\u00edcio\",\"item\":\"https:\/\/inhouse.plus\/wfe\/\"},{\"@type\":\"ListItem\",\"position\":2,\"name\":\"Zonas Populares\"}]},{\"@type\":\"WebSite\",\"@id\":\"https:\/\/inhouse.plus\/wfe\/#website\",\"url\":\"https:\/\/inhouse.plus\/wfe\/\",\"name\":\"IN HOUSE\",\"description\":\"\",\"publisher\":{\"@id\":\"https:\/\/inhouse.plus\/wfe\/#organization\"},\"alternateName\":\"In House Tenerife\",\"potentialAction\":[{\"@type\":\"SearchAction\",\"target\":{\"@type\":\"EntryPoint\",\"urlTemplate\":\"https:\/\/inhouse.plus\/wfe\/?s={search_term_string}\"},\"query-input\":{\"@type\":\"PropertyValueSpecification\",\"valueRequired\":true,\"valueName\":\"search_term_string\"}}],\"inLanguage\":\"es\"},{\"@type\":\"Organization\",\"@id\":\"https:\/\/inhouse.plus\/wfe\/#organization\",\"name\":\"IN HOUSE\",\"alternateName\":\"IN HOUSE\",\"url\":\"https:\/\/inhouse.plus\/wfe\/\",\"logo\":{\"@type\":\"ImageObject\",\"inLanguage\":\"es\",\"@id\":\"https:\/\/inhouse.plus\/wfe\/#\/schema\/logo\/image\/\",\"url\":\"https:\/\/inhouse.plus\/wfe\/wp-content\/uploads\/2024\/07\/logo-site-inhouse-plus.png\",\"contentUrl\":\"https:\/\/inhouse.plus\/wfe\/wp-content\/uploads\/2024\/07\/logo-site-inhouse-plus.png\",\"width\":300,\"height\":100,\"caption\":\"IN HOUSE\"},\"image\":{\"@id\":\"https:\/\/inhouse.plus\/wfe\/#\/schema\/logo\/image\/\"},\"sameAs\":[\"https:\/\/www.facebook.com\/inhousetenerife\",\"https:\/\/www.instagram.com\/inhousetenerife\"]}]}<\/script>\n<!-- \/ Yoast SEO plugin. -->","yoast_head_json":{"title":"Zonas Populares - IN HOUSE","robots":{"index":"index","follow":"follow","max-snippet":"max-snippet:-1","max-image-preview":"max-image-preview:large","max-video-preview":"max-video-preview:-1"},"canonical":"https:\/\/inhouse.plus\/wfe\/zonas-populares\/","og_locale":"es_ES","og_type":"article","og_title":"Zonas Populares - IN HOUSE","og_url":"https:\/\/inhouse.plus\/wfe\/zonas-populares\/","og_site_name":"IN HOUSE","article_publisher":"https:\/\/www.facebook.com\/inhousetenerife","article_modified_time":"2024-08-05T17:50:47+00:00","og_image":[{"width":1024,"height":768,"url":"https:\/\/inhouse.plus\/wfe\/wp-content\/uploads\/2024\/07\/elmedano-1024x768.png","type":"image\/png"}],"twitter_card":"summary_large_image","twitter_misc":{"Tiempo de lectura":"1 minuto"},"schema":{"@context":"https:\/\/schema.org","@graph":[{"@type":"WebPage","@id":"https:\/\/inhouse.plus\/wfe\/zonas-populares\/","url":"https:\/\/inhouse.plus\/wfe\/zonas-populares\/","name":"Zonas Populares - IN HOUSE","isPartOf":{"@id":"https:\/\/inhouse.plus\/wfe\/#website"},"datePublished":"2024-08-05T17:30:02+00:00","dateModified":"2024-08-05T17:50:47+00:00","breadcrumb":{"@id":"https:\/\/inhouse.plus\/wfe\/zonas-populares\/#breadcrumb"},"inLanguage":"es","potentialAction":[{"@type":"ReadAction","target":["https:\/\/inhouse.plus\/wfe\/zonas-populares\/"]}]},{"@type":"BreadcrumbList","@id":"https:\/\/inhouse.plus\/wfe\/zonas-populares\/#breadcrumb","itemListElement":[{"@type":"ListItem","position":1,"name":"In\u00edcio","item":"https:\/\/inhouse.plus\/wfe\/"},{"@type":"ListItem","position":2,"name":"Zonas Populares"}]},{"@type":"WebSite","@id":"https:\/\/inhouse.plus\/wfe\/#website","url":"https:\/\/inhouse.plus\/wfe\/","name":"IN HOUSE","description":"","publisher":{"@id":"https:\/\/inhouse.plus\/wfe\/#organization"},"alternateName":"In House Tenerife","potentialAction":[{"@type":"SearchAction","target":{"@type":"EntryPoint","urlTemplate":"https:\/\/inhouse.plus\/wfe\/?s={search_term_string}"},"query-input":{"@type":"PropertyValueSpecification","valueRequired":true,"valueName":"search_term_string"}}],"inLanguage":"es"},{"@type":"Organization","@id":"https:\/\/inhouse.plus\/wfe\/#organization","name":"IN HOUSE","alternateName":"IN HOUSE","url":"https:\/\/inhouse.plus\/wfe\/","logo":{"@type":"ImageObject","inLanguage":"es","@id":"https:\/\/inhouse.plus\/wfe\/#\/schema\/logo\/image\/","url":"https:\/\/inhouse.plus\/wfe\/wp-content\/uploads\/2024\/07\/logo-site-inhouse-plus.png","contentUrl":"https:\/\/inhouse.plus\/wfe\/wp-content\/uploads\/2024\/07\/logo-site-inhouse-plus.png","width":300,"height":100,"caption":"IN HOUSE"},"image":{"@id":"https:\/\/inhouse.plus\/wfe\/#\/schema\/logo\/image\/"},"sameAs":["https:\/\/www.facebook.com\/inhousetenerife","https:\/\/www.instagram.com\/inhousetenerife"]}]}},"_links":{"self":[{"href":"https:\/\/inhouse.plus\/wfe\/wp-json\/wp\/v2\/pages\/1016"}],"collection":[{"href":"https:\/\/inhouse.plus\/wfe\/wp-json\/wp\/v2\/pages"}],"about":[{"href":"https:\/\/inhouse.plus\/wfe\/wp-json\/wp\/v2\/types\/page"}],"author":[{"embeddable":true,"href":"https:\/\/inhouse.plus\/wfe\/wp-json\/wp\/v2\/users\/2"}],"replies":[{"embeddable":true,"href":"https:\/\/inhouse.plus\/wfe\/wp-json\/wp\/v2\/comments?post=1016"}],"version-history":[{"count":22,"href":"https:\/\/inhouse.plus\/wfe\/wp-json\/wp\/v2\/pages\/1016\/revisions"}],"predecessor-version":[{"id":1061,"href":"https:\/\/inhouse.plus\/wfe\/wp-json\/wp\/v2\/pages\/1016\/revisions\/1061"}],"wp:attachment":[{"href":"https:\/\/inhouse.plus\/wfe\/wp-json\/wp\/v2\/media?parent=1016"}],"curies":[{"name":"wp","href":"https:\/\/api.w.org\/{rel}","templated":true}]}}